{"id":37,"date":"2011-01-01T00:00:34","date_gmt":"2010-12-31T23:00:34","guid":{"rendered":"http:\/\/www.oweb.es\/fmalvaro\/?page_id=37"},"modified":"2019-09-24T16:26:25","modified_gmt":"2019-09-24T15:26:25","slug":"biografia","status":"publish","type":"page","link":"https:\/\/francescmarcalvaro.cat\/ca\/biografia\/","title":{"rendered":"Perfil"},"content":{"rendered":"<p>[vc_row row_type=&#8221;row&#8221; use_row_as_full_screen_section=&#8221;no&#8221; type=&#8221;full_width&#8221; oblique_section=&#8221;no&#8221; text_align=&#8221;left&#8221; css_animation=&#8221;&#8221;][vc_column][vc_column_text][\/vc_column_text][\/vc_column][\/vc_row][vc_row row_type=&#8221;row&#8221; use_row_as_full_screen_section=&#8221;no&#8221; type=&#8221;full_width&#8221; oblique_section=&#8221;no&#8221; text_align=&#8221;left&#8221; css_animation=&#8221;&#8221;][vc_column width=&#8221;1\/3&#8243;][vc_single_image image=&#8221;5137&#8243; img_size=&#8221;full&#8221; style=&#8221;vc_box_rounded&#8221; mkd_css_animation=&#8221;&#8221;][\/vc_column][vc_column width=&#8221;2\/3&#8243; css=&#8221;.vc_custom_1568806730231{padding-right: 11px !important;}&#8221;][vc_empty_space height=&#8221;20px&#8221; image_repeat=&#8221;no-repeat&#8221;][vc_column_text]<\/p>\n<h3><em><span class=\"s1\">Em dedico a escriure enmig del soroll. Pregunto i repregunto. \u00c9s quan bado que hi veig clar. Penso, com Joan Fuster, que &#8220;tota convicci\u00f3<\/span><\/em> -convicci\u00f3<em><span class=\"s1\"> seriosa- se us convertir\u00e0 en prejudici per a les conviccions ulteriors&#8221;.\u00a0<\/span><\/em><\/h3>\n<p>[\/vc_column_text][\/vc_column][\/vc_row][vc_row row_type=&#8221;row&#8221; use_row_as_full_screen_section=&#8221;no&#8221; type=&#8221;full_width&#8221; oblique_section=&#8221;no&#8221; text_align=&#8221;left&#8221; css_animation=&#8221;&#8221;][vc_column][vc_empty_space height=&#8221;50px&#8221; image_repeat=&#8221;no-repeat&#8221;][vc_column_text]<\/p>\n<p class=\"p1\" style=\"text-align: left;\"><span class=\"s1\">Vaig n\u00e9ixer a Vilanova i la Geltr\u00fa l\u2019any 1967.<\/span><\/p>\n<p>&nbsp;<\/p>\n<p class=\"p1\" style=\"text-align: left;\"><span class=\"s1\">L\u2019any 1979, quan encara anava a l\u2019escola, vaig comen\u00e7ar a col\u00b7laborar en la premsa comarcal de la meva ciutat. M\u00e9s tard, em vaig llicenciar en Ci\u00e8ncies de la Informaci\u00f3 a la Universitat Aut\u00f2noma de Barcelona.<\/span><\/p>\n<p>&nbsp;<\/p>\n<p class=\"p1\" style=\"text-align: left;\"><span class=\"s1\">S\u00f3c columnista del diari\u00a0<i>La Vanguardia<\/i>,\u00a0de la revista cultural\u00a0<i>Serra d\u2019Or<\/i>,\u00a0i del diari digital\u00a0<i>Naci\u00f3 Digital<\/i>. Col\u00b7laboro al programa radiof\u00f2nic <i>El m\u00f3n a Rac1<\/i>.<\/span><\/p>\n<p>&nbsp;<\/p>\n<p class=\"p1\" style=\"text-align: left;\"><span class=\"s1\">Compagino aquesta tasca professional amb la doc\u00e8ncia del Periodisme a la Facultat de Comunicaci\u00f3 i Relacions Internacionals Blanquerna de la Universitat Ramon Llull (Barcelona).<\/span><\/p>\n<p>&nbsp;<\/p>\n<p class=\"p1\" style=\"text-align: left;\"><span class=\"s1\">He treballat de redactor pol\u00edtic, cap d\u2019Opini\u00f3 i columnista al diari\u00a0<i>Avui<\/i>,\u00a0i d\u2019articulista a\u00a0<i>El Observador<\/i>\u00a0i\u00a0<i>El Mundo de Catalu\u00f1a<\/i>. Tamb\u00e9 vaig dirigir durant dos anys la revista mensual\u00a0<i>Cultura<\/i>, editada pel departament de Cultura de la Generalitat de Catalunya. Des de 1989, segueixo els avatars de la pol\u00edtica catalana i espanyola i els seus protagonistes.<\/span><\/p>\n<p>&nbsp;<\/p>\n<p class=\"p1\" style=\"text-align: left;\"><span class=\"s1\">He obtingut el Premi Nacional de Periodisme, el Premi Recull, el Premi Serra i Moret, i el Premi Ib\u00e0\u00f1ez Escofet, entre d\u2019altres guardons.<\/span><\/p>\n<p>&nbsp;<\/p>\n<p class=\"p1\" style=\"text-align: left;\"><span class=\"s1\">El meu darrer llibre \u00e9s <i>Assaig general d&#8217;una revolta<\/i> (2019), editat en catal\u00e0 i castell\u00e0. He publicat altres llibres, com\u00a0\u00a0<i>Per qu\u00e8 hem guanyat. 127 dies que van canviar Catalunya\u00a0<\/i>(2015),\u00a0<i>Entre la mentida i l\u2019oblit. El laberint de la mem\u00f2ria col\u00b7lectiva<\/i>\u00a0(2012),\u00a0<i>Els assassins de Franco<\/i>\u00a0(2005),\u00a0<i>Ara s\u00ed que toca! El pujolisme, el proc\u00e9s sobiranista i el cas Pujol<\/i>\u00a0(2003\/2014),\u00a0<i>Una pol\u00edtica sense pa\u00eds\u00a0<\/i>(2005),\u00a0<i>Per qu\u00e8 no engeguem la pol\u00edtica?<\/i>\u00a0(1999) i\u00a0<i>Qu\u00e8 pensa Pasqual Maragall<\/i>\u00a0(1998). Tamb\u00e9 he participat en diverses obres col\u00b7lectives de tem\u00e0tica sociol\u00f2gica, pol\u00edtica, hist\u00f2rica i liter\u00e0ria.<\/span><\/p>\n<p>&nbsp;<\/p>\n<p class=\"p1\" style=\"text-align: left;\"><span class=\"s1\">Dirigeixo la col\u00b7lecci\u00f3 \u2018Magma\u2019 de llibres d\u2019assaig d\u2019actualitat de l\u2019editorial Publicacions de l\u2019Abadia de Montserrat (PAMSA).<\/span><\/p>\n<p style=\"text-align: right;\">Pots descarregar el meu curr\u00edculum en pdf fent clik <a href=\"https:\/\/francescmarcalvaro.cat\/wp-content\/uploads\/2019\/09\/CV_cat.pdf\">AQU\u00ed<\/a><\/p>\n<p>[\/vc_column_text][\/vc_column][\/vc_row][vc_row row_type=&#8221;row&#8221; use_row_as_full_screen_section=&#8221;no&#8221; type=&#8221;full_width&#8221; oblique_section=&#8221;no&#8221; text_align=&#8221;left&#8221; css_animation=&#8221;&#8221;][vc_column][vc_column_text][\/vc_column_text][\/vc_column][\/vc_row]<\/p>","protected":false},"excerpt":{"rendered":"<p>[vc_row row_type=&#8221;row&#8221; use_row_as_full_screen_section=&#8221;no&#8221; type=&#8221;full_width&#8221; oblique_section=&#8221;no&#8221; text_align=&#8221;left&#8221; css_animation=&#8221;&#8221;][vc_column][vc_column_text][\/vc_column_text][\/vc_column][\/vc_row][vc_row row_type=&#8221;row&#8221; use_row_as_full_screen_section=&#8221;no&#8221; type=&#8221;full_width&#8221; oblique_section=&#8221;no&#8221; text_align=&#8221;left&#8221; css_animation=&#8221;&#8221;][vc_column width=&#8221;1\/3&#8243;][vc_single_image image=&#8221;5137&#8243; img_size=&#8221;full&#8221; style=&#8221;vc_box_rounded&#8221; mkd_css_animation=&#8221;&#8221;][\/vc_column][vc_column width=&#8221;2\/3&#8243; css=&#8221;.vc_custom_1568806730231{padding-right: 11px !important;}&#8221;][vc_empty_space height=&#8221;20px&#8221; image_repeat=&#8221;no-repeat&#8221;][vc_column_text] Em dedico a escriure enmig del&#8230;<\/p>\n","protected":false},"author":1,"featured_media":0,"parent":0,"menu_order":1,"comment_status":"closed","ping_status":"closed","template":"","meta":[],"_links":{"self":[{"href":"https:\/\/francescmarcalvaro.cat\/ca\/wp-json\/wp\/v2\/pages\/37"}],"collection":[{"href":"https:\/\/francescmarcalvaro.cat\/ca\/wp-json\/wp\/v2\/pages"}],"about":[{"href":"https:\/\/francescmarcalvaro.cat\/ca\/wp-json\/wp\/v2\/types\/page"}],"author":[{"embeddable":true,"href":"https:\/\/francescmarcalvaro.cat\/ca\/wp-json\/wp\/v2\/users\/1"}],"replies":[{"embeddable":true,"href":"https:\/\/francescmarcalvaro.cat\/ca\/wp-json\/wp\/v2\/comments?post=37"}],"version-history":[{"count":78,"href":"https:\/\/francescmarcalvaro.cat\/ca\/wp-json\/wp\/v2\/pages\/37\/revisions"}],"predecessor-version":[{"id":5294,"href":"https:\/\/francescmarcalvaro.cat\/ca\/wp-json\/wp\/v2\/pages\/37\/revisions\/5294"}],"wp:attachment":[{"href":"https:\/\/francescmarcalvaro.cat\/ca\/wp-json\/wp\/v2\/media?parent=37"}],"curies":[{"name":"wp","href":"https:\/\/api.w.org\/{rel}","templated":true}]}}