{"id":43,"date":"2011-11-07T08:27:59","date_gmt":"2011-11-07T07:27:59","guid":{"rendered":"http:\/\/www.oweb.es\/fmalvaro\/?page_id=43"},"modified":"2019-09-20T11:42:42","modified_gmt":"2019-09-20T10:42:42","slug":"conferencies","status":"publish","type":"page","link":"https:\/\/francescmarcalvaro.cat\/ca\/conferencies\/","title":{"rendered":"Confer\u00e8ncies i xerrades"},"content":{"rendered":"<p><\/p>\n<p style=\"text-align: justify;\">Aquestes s\u00f3n algunes de les confer\u00e8ncies i xerrades realitzades per Francesc-Marc \u00c1lvaro durant els darrers temps. Si esteu interessats en aquests temes o desitgeu proposar una intervenci\u00f3 sobre alguna altra q\u00fcesti\u00f3 que sigui del vostre inter\u00e8s, podeu comunicar-ho mitjan\u00e7ant l&#8217;apartat <a href=\"mailto:info@francescmarcalvaro.cat\"><strong>Contacte<\/strong><\/a> d&#8217;aquesta mateixa web.<\/p>\n<p>&nbsp;<\/p>\n<p><strong>El desempat Catalunya-Espanya<\/strong><\/p>\n<p style=\"text-align: justify;\">Una visi\u00f3 clara del moment agudament cr\u00edtic de les relacions entre Catalunya i els poders espanyols, en un escenari europeu de crisi i transformaci\u00f3 de sobiranies que descol.loca tothom\u00a0 i quan el m\u00f3n catalanista t\u00e9 el gran repte d&#8217;arribar als sectors de la societat catalana que encara viuen d&#8217;esquena a la realitat nacional.<\/p>\n<p>&nbsp;<\/p>\n<p><strong>La mem\u00f2ria col.lectiva, passat contra present <\/strong><\/p>\n<p style=\"text-align: justify;\">Una reflexi\u00f3 a fons sobre el sentit que t\u00e9 la mem\u00f2ria col.lectiva en la gesti\u00f3 del nostre present i en la construcci\u00f3 de les nostres identitats individuals i nacionals. Contra la mal anomenada <em>mem\u00f2ria hist\u00f2rica<\/em>, sovint convertida en simple propaganda, ens cal comprendre la complexitat dels fets que ens han precedit i la relaci\u00f3 especial que establim amb el record i amb l&#8217;oblit.<\/p>\n<p>&nbsp;<\/p>\n<p><strong>Periodisme, un dec\u00e0leg en temps de twitter<\/strong><\/p>\n<p style=\"text-align: justify;\">El m\u00f3n de la comunicaci\u00f3 i el del periodisme en especial viuen una etapa apassionant en la qual all\u00f2 vell i all\u00f2 nou se solapen i desconcerten els professionals, els empresaris del sector i el p\u00fablic. Vivim en democr\u00e0cies basades en la representaci\u00f3 medi\u00e0tica non-stop de la pol\u00edtica i de la vida, un espai en el qual valors com la llibertat, la responsabilitat, la participaci\u00f3, la intimitat o la veritat s\u00f3n assetjats des de diversos fronts.<\/p>\n<p>&nbsp;<\/p>","protected":false},"excerpt":{"rendered":"<p>Aquestes s\u00f3n algunes de les confer\u00e8ncies i xerrades realitzades per Francesc-Marc \u00c1lvaro durant els darrers temps. Si esteu interessats en aquests temes o desitgeu proposar una intervenci\u00f3 sobre alguna altra&#8230;<\/p>\n","protected":false},"author":1,"featured_media":0,"parent":0,"menu_order":8,"comment_status":"closed","ping_status":"closed","template":"","meta":[],"_links":{"self":[{"href":"https:\/\/francescmarcalvaro.cat\/ca\/wp-json\/wp\/v2\/pages\/43"}],"collection":[{"href":"https:\/\/francescmarcalvaro.cat\/ca\/wp-json\/wp\/v2\/pages"}],"about":[{"href":"https:\/\/francescmarcalvaro.cat\/ca\/wp-json\/wp\/v2\/types\/page"}],"author":[{"embeddable":true,"href":"https:\/\/francescmarcalvaro.cat\/ca\/wp-json\/wp\/v2\/users\/1"}],"replies":[{"embeddable":true,"href":"https:\/\/francescmarcalvaro.cat\/ca\/wp-json\/wp\/v2\/comments?post=43"}],"version-history":[{"count":33,"href":"https:\/\/francescmarcalvaro.cat\/ca\/wp-json\/wp\/v2\/pages\/43\/revisions"}],"predecessor-version":[{"id":5210,"href":"https:\/\/francescmarcalvaro.cat\/ca\/wp-json\/wp\/v2\/pages\/43\/revisions\/5210"}],"wp:attachment":[{"href":"https:\/\/francescmarcalvaro.cat\/ca\/wp-json\/wp\/v2\/media?parent=43"}],"curies":[{"name":"wp","href":"https:\/\/api.w.org\/{rel}","templated":true}]}}