{"id":37,"date":"2011-01-01T00:00:34","date_gmt":"2010-12-31T23:00:34","guid":{"rendered":"http:\/\/www.oweb.es\/fmalvaro\/?page_id=37"},"modified":"2019-09-24T16:26:25","modified_gmt":"2019-09-24T15:26:25","slug":"biografia","status":"publish","type":"page","link":"https:\/\/francescmarcalvaro.cat\/es\/biografia\/","title":{"rendered":"Perfil"},"content":{"rendered":"<p>[vc_row row_type=\u00bbrow\u00bb use_row_as_full_screen_section=\u00bbno\u00bb type=\u00bbfull_width\u00bb oblique_section=\u00bbno\u00bb text_align=\u00bbleft\u00bb css_animation=\u00bb\u00bb][vc_column][vc_column_text][\/vc_column_text][\/vc_column][\/vc_row][vc_row row_type=\u00bbrow\u00bb use_row_as_full_screen_section=\u00bbno\u00bb type=\u00bbfull_width\u00bb oblique_section=\u00bbno\u00bb text_align=\u00bbleft\u00bb css_animation=\u00bb\u00bb][vc_column width=\u00bb1\/4&#8243;][vc_single_image image=\u00bb5137&#8243; img_size=\u00bbfull\u00bb mkd_css_animation=\u00bb\u00bb][\/vc_column][vc_column width=\u00bb3\/4&#8243;][vc_column_text]<\/p>\n<h3 class=\"p1\"><em><span class=\"s1\">Me dedico a escribir en medio del ruido. Pregunto y repregunto. Cuando me pierdo es cuando lo veo todo m\u00e1s claro. Pienso, como el escritor valenciano Joan Fuster, que \u00abtoda convicci\u00f3n -convicci\u00f3n seria- se les convertir\u00e1 en prejuicio para las convicciones ulteriores\u00bb.\u00a0<\/span><\/em><\/h3>\n<p>[\/vc_column_text][\/vc_column][\/vc_row][vc_row row_type=\u00bbrow\u00bb use_row_as_full_screen_section=\u00bbno\u00bb type=\u00bbfull_width\u00bb oblique_section=\u00bbno\u00bb text_align=\u00bbleft\u00bb css_animation=\u00bb\u00bb][vc_column][vc_column_text]<\/p>\n<p>&nbsp;<\/p>\n<p>&nbsp;<\/p>\n<p class=\"p1\"><span class=\"s1\">Nac\u00ed en Vilanova i la Geltr\u00fa en 1967.<\/span><\/p>\n<p>&nbsp;<\/p>\n<p class=\"p1\"><span class=\"s1\">En el a\u00f1o 1979, cuando todav\u00eda iba a la escuela, empec\u00e9 a colaborar en la prensa comarcal de mi ciudad. M\u00e1s tarde, me licenci\u00e9 en Ciencias de la Informaci\u00f3n en la Universitat Aut\u00f2noma de Barcelona.<\/span><\/p>\n<p>&nbsp;<\/p>\n<p class=\"p1\"><span class=\"s1\">Soy columnista del diario <i>La Vanguardia<\/i>, de la revista cultural <i>Serra d&#8217;Or<\/i>, y del peri\u00f3dico digital <i>Naci\u00f3 Digital<\/i>. Colaboro en el programa radiof\u00f3nico <i>El m\u00f3n a Rac1<\/i>.<\/span><\/p>\n<p>&nbsp;<\/p>\n<p class=\"p1\"><span class=\"s1\">Compagino esta labor profesional con la docencia del Periodismo en la Facultad de Comunicaci\u00f3n y Relaciones Internacionales Blanquerna de la Universitat Ramon Llull (Barcelona).<\/span><\/p>\n<p>&nbsp;<\/p>\n<p class=\"p1\"><span class=\"s1\">He trabajado de redactor pol\u00edtico, jefe de Opini\u00f3n y columnista en el diario <i>Avui<\/i>, y de articulista en <i>El Observador<\/i> y <i>El Mundo de Catalu\u00f1a<\/i>. Tambi\u00e9n dirig\u00ed durante dos a\u00f1os la revista mensual <i>Cultura<\/i>, editada por el departamento de Cultura de la Generalitat de Catalunya. Desde 1989, sigo los avatares de la pol\u00edtica catalana y espa\u00f1ola y sus protagonistas.<\/span><\/p>\n<p>&nbsp;<\/p>\n<p class=\"p1\"><span class=\"s1\">He obtenido el premio Nacional de Periodisme de Catalu\u00f1a, el premio Recull, el premio Serra i Moret, y el premio Ib\u00e0\u00f1ez Escofet, entre otros galardones.<\/span><\/p>\n<p>&nbsp;<\/p>\n<p class=\"p1\"><span class=\"s1\">Mi \u00faltimo libro es <i>Ensayo general de una revuelta<\/i> (2019), editado en castellano y catal\u00e1n. He publicado otros libros, como <i>Per qu\u00e8 hem guanyat. 127 dies que van canviar Catalunya\u00a0<\/i>(2015),\u00a0<i>Entre la mentira y el olvido. El laberinto de la memoria colectiva<\/i> (2012),\u00a0<i>Els assassins de Franco<\/i>\u00a0(2005),\u00a0<i>Ara s\u00ed que toca! El pujolisme, el proc\u00e9s sobiranista i el cas Pujol<\/i>\u00a0(2003\/2014),\u00a0<i>Una pol\u00edtica sense pa\u00eds\u00a0<\/i>(2005),\u00a0<i>Per qu\u00e8 no engeguem la pol\u00edtica?<\/i>\u00a0(1999) y\u00a0<i>Qu\u00e8 pensa Pasqual Maragall<\/i>\u00a0(1998).Tambi\u00e9n he participado en varias obras colectivas de tem\u00e1tica sociol\u00f3gica, pol\u00edtica, hist\u00f3rica y literaria.<\/span><\/p>\n<p>&nbsp;<\/p>\n<p class=\"p1\"><span class=\"s1\">Dirijo la colecci\u00f3n \u2018Magma\u2019 de libros de ensayo de actualidad de la editorial Publicacions de l&#8217;Abadia de Montserrat (PAMSA).<\/span><\/p>\n<p>&nbsp;<\/p>\n<p style=\"text-align: right;\">Puedes descargar mi curr\u00edculum en pdf pinchado <a href=\"https:\/\/francescmarcalvaro.cat\/wp-content\/uploads\/2019\/09\/CV_cas.pdf\" target=\"_blank\" rel=\"noopener noreferrer\"><strong>AQUI<\/strong><\/a><\/p>\n<p>[\/vc_column_text][\/vc_column][\/vc_row][vc_row row_type=\u00bbrow\u00bb use_row_as_full_screen_section=\u00bbno\u00bb type=\u00bbfull_width\u00bb oblique_section=\u00bbno\u00bb text_align=\u00bbleft\u00bb css_animation=\u00bb\u00bb][vc_column][vc_column_text][\/vc_column_text][\/vc_column][\/vc_row]<\/p>","protected":false},"excerpt":{"rendered":"<p>[vc_row row_type=\u00bbrow\u00bb use_row_as_full_screen_section=\u00bbno\u00bb type=\u00bbfull_width\u00bb oblique_section=\u00bbno\u00bb text_align=\u00bbleft\u00bb css_animation=\u00bb\u00bb][vc_column][vc_column_text][\/vc_column_text][\/vc_column][\/vc_row][vc_row row_type=\u00bbrow\u00bb use_row_as_full_screen_section=\u00bbno\u00bb type=\u00bbfull_width\u00bb oblique_section=\u00bbno\u00bb text_align=\u00bbleft\u00bb css_animation=\u00bb\u00bb][vc_column width=\u00bb1\/4&#8243;][vc_single_image image=\u00bb5137&#8243; img_size=\u00bbfull\u00bb mkd_css_animation=\u00bb\u00bb][\/vc_column][vc_column width=\u00bb3\/4&#8243;][vc_column_text] Me dedico a escribir en medio del ruido. Pregunto y repregunto. Cuando&#8230;<\/p>\n","protected":false},"author":1,"featured_media":0,"parent":0,"menu_order":1,"comment_status":"closed","ping_status":"closed","template":"","meta":[],"_links":{"self":[{"href":"https:\/\/francescmarcalvaro.cat\/es\/wp-json\/wp\/v2\/pages\/37"}],"collection":[{"href":"https:\/\/francescmarcalvaro.cat\/es\/wp-json\/wp\/v2\/pages"}],"about":[{"href":"https:\/\/francescmarcalvaro.cat\/es\/wp-json\/wp\/v2\/types\/page"}],"author":[{"embeddable":true,"href":"https:\/\/francescmarcalvaro.cat\/es\/wp-json\/wp\/v2\/users\/1"}],"replies":[{"embeddable":true,"href":"https:\/\/francescmarcalvaro.cat\/es\/wp-json\/wp\/v2\/comments?post=37"}],"version-history":[{"count":69,"href":"https:\/\/francescmarcalvaro.cat\/es\/wp-json\/wp\/v2\/pages\/37\/revisions"}],"predecessor-version":[{"id":5294,"href":"https:\/\/francescmarcalvaro.cat\/es\/wp-json\/wp\/v2\/pages\/37\/revisions\/5294"}],"wp:attachment":[{"href":"https:\/\/francescmarcalvaro.cat\/es\/wp-json\/wp\/v2\/media?parent=37"}],"curies":[{"name":"wp","href":"https:\/\/api.w.org\/{rel}","templated":true}]}}