{"id":43,"date":"2011-11-07T08:27:59","date_gmt":"2011-11-07T07:27:59","guid":{"rendered":"http:\/\/www.oweb.es\/fmalvaro\/?page_id=43"},"modified":"2019-09-20T11:42:42","modified_gmt":"2019-09-20T10:42:42","slug":"conferencies","status":"publish","type":"page","link":"https:\/\/francescmarcalvaro.cat\/es\/conferencies\/","title":{"rendered":"Conferencias y charlas"},"content":{"rendered":"<p><\/p>\n<p style=\"text-align: justify;\">Estas son algunas de las conferencias y charlas realizadas por Francesc-Marc \u00c1lvaro durante los \u00faltimos tiempos. Si estan interesados en estos temas o desean proponer una intervenci\u00f3n sobre alguna otra cuesti\u00f3n que sea de su inter\u00e9s, pueden comunicarlo a trav\u00e9s del apartado <a href=\"mailto:info@francescmarcalvaro.cat\"><strong>Contacto<\/strong><\/a> de esta web.<\/p>\n<p style=\"text-align: justify;\"><strong>El desempate Catalunya-Espa\u00f1a<\/strong><\/p>\n<p style=\"text-align: justify;\">Una visi\u00f3n clara del momento agudamente cr\u00edtico de las relaciones entre Catalunya y los poderes espa\u00f1oles, en un escenario europeo de crisis y transformaci\u00f3n de soberan\u00edas que descoloca a todo el mundo y cuando el catalanismo tiene el gran reto de llegar a los sectores de la sociedad que todav\u00eda viven de espaldas a la realidad nacional catalana.<\/p>\n<p style=\"text-align: justify;\"><strong>La memoria colectiva, pasado contra presente<\/strong><\/p>\n<p style=\"text-align: justify;\">Una reflexi\u00f3n a fondo sobre el sentido que tiene la memoria colectiva en la gesti\u00f3n de nuestro presente y en la construcci\u00f3n de nuestras identidades individuales y nacionales. Contra la mal llamada memoria hist\u00f3rica, a menudo convertida en simple propaganda, debemos comprender la complejidad de los hechos que nos han precedido y la relaci\u00f3n especial que establecemos con el recuerdo y con el olvido.<\/p>\n<p style=\"text-align: justify;\"><strong>Periodismo, un dec\u00e1logo en tiempo de twitter<\/strong><\/p>\n<p style=\"text-align: justify;\">El mundo de la comunicaci\u00f3n y el del periodismo en especial viven una etapa apasionante en la que lo viejo y lo nuevo se solapan y desconciertan a los profesionales, los empresarios del sector y el p\u00fablico. Vivimos en democracias basadas en la representaci\u00f3n medi\u00e1tica non-stop de la pol\u00edtica y de la vida, un espacio donde los valores como la libertad, la responsabilidad, la participaci\u00f3n, la intimidad o la verdad son asediados desde varios frentes.<\/p>\n<p><\/p>","protected":false},"excerpt":{"rendered":"<p>Estas son algunas de las conferencias y charlas realizadas por Francesc-Marc \u00c1lvaro durante los \u00faltimos tiempos. Si estan interesados en estos temas o desean proponer una intervenci\u00f3n sobre alguna otra&#8230;<\/p>\n","protected":false},"author":1,"featured_media":0,"parent":0,"menu_order":8,"comment_status":"closed","ping_status":"closed","template":"","meta":[],"_links":{"self":[{"href":"https:\/\/francescmarcalvaro.cat\/es\/wp-json\/wp\/v2\/pages\/43"}],"collection":[{"href":"https:\/\/francescmarcalvaro.cat\/es\/wp-json\/wp\/v2\/pages"}],"about":[{"href":"https:\/\/francescmarcalvaro.cat\/es\/wp-json\/wp\/v2\/types\/page"}],"author":[{"embeddable":true,"href":"https:\/\/francescmarcalvaro.cat\/es\/wp-json\/wp\/v2\/users\/1"}],"replies":[{"embeddable":true,"href":"https:\/\/francescmarcalvaro.cat\/es\/wp-json\/wp\/v2\/comments?post=43"}],"version-history":[{"count":13,"href":"https:\/\/francescmarcalvaro.cat\/es\/wp-json\/wp\/v2\/pages\/43\/revisions"}],"predecessor-version":[{"id":5210,"href":"https:\/\/francescmarcalvaro.cat\/es\/wp-json\/wp\/v2\/pages\/43\/revisions\/5210"}],"wp:attachment":[{"href":"https:\/\/francescmarcalvaro.cat\/es\/wp-json\/wp\/v2\/media?parent=43"}],"curies":[{"name":"wp","href":"https:\/\/api.w.org\/{rel}","templated":true}]}}