{"id":4999,"date":"2019-09-03T09:50:08","date_gmt":"2019-09-03T08:50:08","guid":{"rendered":"https:\/\/francesc.imatgeainternet.cat\/?page_id=4999"},"modified":"2019-09-16T14:17:37","modified_gmt":"2019-09-16T13:17:37","slug":"inicio","status":"publish","type":"page","link":"https:\/\/francescmarcalvaro.cat\/es\/","title":{"rendered":"Inicio"},"content":{"rendered":"<p>[vc_row row_type=\u00bbrow\u00bb use_row_as_full_screen_section=\u00bbno\u00bb type=\u00bbfull_width\u00bb oblique_section=\u00bbno\u00bb text_align=\u00bbleft\u00bb css_animation=\u00bb\u00bb][vc_column css=\u00bb.vc_custom_1567429258350{padding-top: 10px !important;}\u00bb][vc_row_inner row_type=\u00bbrow\u00bb type=\u00bbfull_width\u00bb use_row_as_full_screen_section_slide=\u00bbno\u00bb text_align=\u00bbleft\u00bb css_animation=\u00bb\u00bb][vc_column_inner width=\u00bb5\/6&#8243;][vc_column_text]<\/p>\n<h1 style=\"text-transform: none; line-height: 56px; font-size: 46px;\">Me dedico a escribir en medio del ruido.<\/h1>\n<p>[\/vc_column_text][\/vc_column_inner][vc_column_inner width=\u00bb1\/6&#8243;][\/vc_column_inner][\/vc_row_inner][vc_empty_space height=\u00bb17px\u00bb image_repeat=\u00bbno-repeat\u00bb][vc_column_text]Pregunto y repregunto. Cuando me pierdo es cuando lo veo todo m\u00e1s claro. Pienso, como el escritor valenciano Joan Fuster, que \u00abtoda convicci\u00f3n -convicci\u00f3n seria- se les convertir\u00e1 en prejuicio para las convicciones ulteriores\u00bb.[\/vc_column_text][vc_empty_space height=\u00bb40px\u00bb image_repeat=\u00bbno-repeat\u00bb][\/vc_column][\/vc_row][vc_row row_type=\u00bbrow\u00bb use_row_as_full_screen_section=\u00bbno\u00bb type=\u00bbfull_width\u00bb oblique_section=\u00bbno\u00bb text_align=\u00bbleft\u00bb css_animation=\u00bb\u00bb][vc_column][\/vc_column][\/vc_row]<\/p>","protected":false},"excerpt":{"rendered":"<p>[vc_row row_type=\u00bbrow\u00bb use_row_as_full_screen_section=\u00bbno\u00bb type=\u00bbfull_width\u00bb oblique_section=\u00bbno\u00bb text_align=\u00bbleft\u00bb css_animation=\u00bb\u00bb][vc_column css=\u00bb.vc_custom_1567429258350{padding-top: 10px !important;}\u00bb][vc_row_inner row_type=\u00bbrow\u00bb type=\u00bbfull_width\u00bb use_row_as_full_screen_section_slide=\u00bbno\u00bb text_align=\u00bbleft\u00bb css_animation=\u00bb\u00bb][vc_column_inner width=\u00bb5\/6&#8243;][vc_column_text] Me dedico a escribir en medio del ruido. [\/vc_column_text][\/vc_column_inner][vc_column_inner width=\u00bb1\/6&#8243;][\/vc_column_inner][\/vc_row_inner][vc_empty_space height=\u00bb17px\u00bb image_repeat=\u00bbno-repeat\u00bb][vc_column_text]Pregunto y repregunto&#8230;.<\/p>\n","protected":false},"author":1,"featured_media":0,"parent":0,"menu_order":0,"comment_status":"closed","ping_status":"closed","template":"blog-masonry-full-width.php","meta":[],"_links":{"self":[{"href":"https:\/\/francescmarcalvaro.cat\/es\/wp-json\/wp\/v2\/pages\/4999"}],"collection":[{"href":"https:\/\/francescmarcalvaro.cat\/es\/wp-json\/wp\/v2\/pages"}],"about":[{"href":"https:\/\/francescmarcalvaro.cat\/es\/wp-json\/wp\/v2\/types\/page"}],"author":[{"embeddable":true,"href":"https:\/\/francescmarcalvaro.cat\/es\/wp-json\/wp\/v2\/users\/1"}],"replies":[{"embeddable":true,"href":"https:\/\/francescmarcalvaro.cat\/es\/wp-json\/wp\/v2\/comments?post=4999"}],"version-history":[{"count":24,"href":"https:\/\/francescmarcalvaro.cat\/es\/wp-json\/wp\/v2\/pages\/4999\/revisions"}],"predecessor-version":[{"id":5117,"href":"https:\/\/francescmarcalvaro.cat\/es\/wp-json\/wp\/v2\/pages\/4999\/revisions\/5117"}],"wp:attachment":[{"href":"https:\/\/francescmarcalvaro.cat\/es\/wp-json\/wp\/v2\/media?parent=4999"}],"curies":[{"name":"wp","href":"https:\/\/api.w.org\/{rel}","templated":true}]}}